{"id":151,"date":"2017-12-14T11:20:38","date_gmt":"2017-12-14T11:20:38","guid":{"rendered":"https:\/\/jobunt.com\/\/?page_id=545"},"modified":"2025-02-12T08:29:23","modified_gmt":"2025-02-12T08:29:23","slug":"pricing","status":"publish","type":"page","link":"https:\/\/edujobscanada.com\/fr\/pricing\/","title":{"rendered":"Les Prix"},"content":{"rendered":"<div class=\"wpb-content-wrapper\"><p>[vc_row css=\u00a0\u00bb.vc_custom_1513349138145{border-top-width: 1px !important;border-bottom-width: 1px !important;padding-top: 70px !important;padding-bottom: 70px !important;background-color: #f9f9f9 !important;border-top-color: #e6e6e6 !important;border-top-style: solid !important;border-bottom-color: #e6e6e6 !important;border-bottom-style: solid !important;}\u00a0\u00bb][vc_column]        <section class=\"careerfy-fancy-title\">\r\n                \r\n        <h2>Prix Affichage Emploi Unique<\/h2>\r\n                    <p>Notre solution pour afficher un seul emploi<\/p>\r\n                    <\/section>\r\n\r\n        <div class=\"careerfy-allpkg-comcon\">\r\n            <div class=\"row\">\r\n                                    <div class=\"col-md-3\">\r\n                        <div class=\"careerfy-packages-priceplane \">\r\n                            <h2>Emploi Unique Standard<\/h2>\r\n                            <div class=\"packages-priceplane-price\">\r\n                                <strong>&#036;150.00<\/strong>                                    <span>4 MONTHS 28 DAYS<\/span>\r\n                                                                <\/div>\r\n                                                            <ul>\r\n                                                                                <li class=\"active\"><i\r\n                                                        class=\"careerfy-icon careerfy-check-square\"><\/i> 1 Annonce d'emploi                                            <\/li>\r\n                                                                                        <li class=\"active\"><i\r\n                                                        class=\"careerfy-icon careerfy-check-square\"><\/i> Affichage pendant 150 jours au choix                                            <\/li>\r\n                                                                                        <li class=\"active\"><i\r\n                                                        class=\"careerfy-icon careerfy-check-square\"><\/i> Acc\u00e8s \u00e0 notre base de donn\u00e9es de CV pendant 150 jours                                            <\/li>\r\n                                                                                        <li class=\"active\"><i\r\n                                                        class=\"careerfy-icon careerfy-check-square\"><\/i> Publication automatique sur notre page Facebook et notre compte Twitter afin de maximiser la visibilit\u00e9.                                            <\/li>\r\n                                                                                        <li><i\r\n                                                        class=\"careerfy-icon careerfy-check-square\"><\/i> Pas de mise en vedette sur la page d'accueil                                            <\/li>\r\n                                                                            <\/ul>\r\n                                \r\n                                                            <a href=\"javascript:void(0);\"\r\n                                   class=\"careerfy-packages-priceplane-btn jobsearch-open-signin-tab jobsearch-wredirct-url jobsearch-pkg-bouybtn rtr\"\r\n                                   data-wredircto=\"https:\/\/edujobscanada.com\/fr\/wp-json\/wp\/v2\/pages\/151\"\r\n                                   data-id=\"413\">Choisissez ce Forfait<\/a>\r\n                                                    <\/div>\r\n                    <\/div>\r\n                                        <div class=\"col-md-3\">\r\n                        <div class=\"careerfy-packages-priceplane active\">\r\n                            <h2>Affichage Annonce en Vedette<\/h2>\r\n                            <div class=\"packages-priceplane-price\">\r\n                                <strong>&#036;250.00<\/strong>                                    <span>4 MONTHS 28 DAYS<\/span>\r\n                                                                <\/div>\r\n                                                            <ul>\r\n                                                                                <li class=\"active\"><i\r\n                                                        class=\"careerfy-icon careerfy-check-square\"><\/i> 1 Annonce d'emploi                                            <\/li>\r\n                                                                                        <li class=\"active\"><i\r\n                                                        class=\"careerfy-icon careerfy-check-square\"><\/i> Affichage pendant 150 jours au choix                                            <\/li>\r\n                                                                                        <li class=\"active\"><i\r\n                                                        class=\"careerfy-icon careerfy-check-square\"><\/i> Acc\u00e8s \u00e0 notre base de donn\u00e9es de CV pendant 150 jours                                            <\/li>\r\n                                                                                        <li class=\"active\"><i\r\n                                                        class=\"careerfy-icon careerfy-check-square\"><\/i> Publication automatique sur notre page Facebook et notre compte Twitter afin de maximiser la visibilit\u00e9.                                            <\/li>\r\n                                                                                        <li class=\"active\"><i\r\n                                                        class=\"careerfy-icon careerfy-check-square\"><\/i> Mise en Vedette                                            <\/li>\r\n                                                                            <\/ul>\r\n                                \r\n                                                            <a href=\"javascript:void(0);\"\r\n                                   class=\"careerfy-packages-priceplane-btn jobsearch-open-signin-tab jobsearch-wredirct-url jobsearch-pkg-bouybtn rtr\"\r\n                                   data-wredircto=\"https:\/\/edujobscanada.com\/fr\/wp-json\/wp\/v2\/pages\/151\"\r\n                                   data-id=\"415\">Choisissez ce Forfait<\/a>\r\n                                                    <\/div>\r\n                    <\/div>\r\n                    \r\n            <\/div>\r\n            <\/div>\n[\/vc_column][\/vc_row][vc_row css=\u00a0\u00bb.vc_custom_1722411355828{padding-top: 70px !important;padding-bottom: 70px !important;}\u00a0\u00bb][vc_column]        <section class=\"careerfy-fancy-title\">\r\n                \r\n        <h2>ABONNEMENT POUR L'AFFICHAGE DE PLUSIEURS OFFRES D'EMPLOI<\/h2>\r\n                    <p>Tarifs flexibles pour la publication de plusieurs annonces sur plusieurs mois. Abonnez-vous d\u00e8s maintenant !<\/p>\r\n                    <\/section>\r\n\r\n        <div class=\"careerfy-allpkg-comcon\">\r\n            <div class=\"row\">\r\n                                    <div class=\"col-md-3\">\r\n                        <div class=\"careerfy-packages-priceplane \">\r\n                            <h2>Affichages Multiples &#8211; Un mois<\/h2>\r\n                            <div class=\"packages-priceplane-price\">\r\n                                <strong>&#036;500.00<\/strong>                                    <span>1 Month<\/span>\r\n                                                                <\/div>\r\n                                                            <ul>\r\n                                                                                <li class=\"active\"><i\r\n                                                        class=\"careerfy-icon careerfy-check-square\"><\/i> Publier jusqu'\u00e0 5 (cinq) offres d'emploi sur une p\u00e9riode d'un mois (30 jours)                                            <\/li>\r\n                                                                                        <li class=\"active\"><i\r\n                                                        class=\"careerfy-icon careerfy-check-square\"><\/i> 1 (un) emploi en vedette inclus                                            <\/li>\r\n                                                                                        <li class=\"active\"><i\r\n                                                        class=\"careerfy-icon careerfy-check-square\"><\/i> Affichage pendant 150 jours au choix                                            <\/li>\r\n                                                                                        <li class=\"active\"><i\r\n                                                        class=\"careerfy-icon careerfy-check-square\"><\/i> Acc\u00e8s \u00e0 notre base de donn\u00e9es de CV durant vos annonces                                            <\/li>\r\n                                                                                        <li class=\"active\"><i\r\n                                                        class=\"careerfy-icon careerfy-check-square\"><\/i> Publication automatique sur notre page Facebook et notre compte Twitter afin de maximiser la visibilit\u00e9.                                            <\/li>\r\n                                                                            <\/ul>\r\n                                \r\n                                                            <a href=\"javascript:void(0);\"\r\n                                   class=\"careerfy-packages-priceplane-btn jobsearch-open-signin-tab jobsearch-wredirct-url jobsearch-pkg-bouybtn rtr\"\r\n                                   data-wredircto=\"https:\/\/edujobscanada.com\/fr\/wp-json\/wp\/v2\/pages\/151\"\r\n                                   data-id=\"417\">Choisissez ce Forfait<\/a>\r\n                                                    <\/div>\r\n                    <\/div>\r\n                                        <div class=\"col-md-3\">\r\n                        <div class=\"careerfy-packages-priceplane \">\r\n                            <h2>Affichages Multiples &#8211; 3 Mois<\/h2>\r\n                            <div class=\"packages-priceplane-price\">\r\n                                <strong>&#036;700.00<\/strong>                                    <span>90 DAYS<\/span>\r\n                                                                <\/div>\r\n                                                            <ul>\r\n                                                                                <li class=\"active\"><i\r\n                                                        class=\"careerfy-icon careerfy-check-square\"><\/i> Publier jusqu'\u00e0 10 (10) offres d'emploi sur une p\u00e9riode de 3 mois (90 jours)                                            <\/li>\r\n                                                                                        <li class=\"active\"><i\r\n                                                        class=\"careerfy-icon careerfy-check-square\"><\/i> 2 (deux) annonces en vedette                                            <\/li>\r\n                                                                                        <li class=\"active\"><i\r\n                                                        class=\"careerfy-icon careerfy-check-square\"><\/i> Affichage pendant 150 jours au choix                                            <\/li>\r\n                                                                                        <li class=\"active\"><i\r\n                                                        class=\"careerfy-icon careerfy-check-square\"><\/i> Acc\u00e8s \u00e0 notre base de donn\u00e9es de CV durant vos annonces                                            <\/li>\r\n                                                                                        <li class=\"active\"><i\r\n                                                        class=\"careerfy-icon careerfy-check-square\"><\/i> Publication automatique sur notre page Facebook et notre compte Twitter afin de maximiser la visibilit\u00e9.                                            <\/li>\r\n                                                                            <\/ul>\r\n                                \r\n                                                            <a href=\"javascript:void(0);\"\r\n                                   class=\"careerfy-packages-priceplane-btn jobsearch-open-signin-tab jobsearch-wredirct-url jobsearch-pkg-bouybtn rtr\"\r\n                                   data-wredircto=\"https:\/\/edujobscanada.com\/fr\/wp-json\/wp\/v2\/pages\/151\"\r\n                                   data-id=\"419\">Choisissez ce Forfait<\/a>\r\n                                                    <\/div>\r\n                    <\/div>\r\n                                        <div class=\"col-md-3\">\r\n                        <div class=\"careerfy-packages-priceplane \">\r\n                            <h2>Affichages Multiples &#8211; Un An<\/h2>\r\n                            <div class=\"packages-priceplane-price\">\r\n                                <strong>&#036;1,500.00<\/strong>                                    <span>365 DAYS<\/span>\r\n                                                                <\/div>\r\n                                                            <ul>\r\n                                                                                <li class=\"active\"><i\r\n                                                        class=\"careerfy-icon careerfy-check-square\"><\/i> Publier jusqu'\u00e0 30 (trente) offres d'emploi sur une p\u00e9riode de 1 an (365 jours)                                            <\/li>\r\n                                                                                        <li class=\"active\"><i\r\n                                                        class=\"careerfy-icon careerfy-check-square\"><\/i> 5 (cinq) annonces en vedette inclus                                            <\/li>\r\n                                                                                        <li class=\"active\"><i\r\n                                                        class=\"careerfy-icon careerfy-check-square\"><\/i> Affichage pendant 150 jours au choix                                            <\/li>\r\n                                                                                        <li class=\"active\"><i\r\n                                                        class=\"careerfy-icon careerfy-check-square\"><\/i> Acc\u00e8s \u00e0 notre base de donn\u00e9es de CV durant vos annonces                                            <\/li>\r\n                                                                                        <li class=\"active\"><i\r\n                                                        class=\"careerfy-icon careerfy-check-square\"><\/i> Publication automatique sur notre page Facebook et notre compte Twitter afin de maximiser la visibilit\u00e9.                                            <\/li>\r\n                                                                            <\/ul>\r\n                                \r\n                                                            <a href=\"javascript:void(0);\"\r\n                                   class=\"careerfy-packages-priceplane-btn jobsearch-open-signin-tab jobsearch-wredirct-url jobsearch-pkg-bouybtn rtr\"\r\n                                   data-wredircto=\"https:\/\/edujobscanada.com\/fr\/wp-json\/wp\/v2\/pages\/151\"\r\n                                   data-id=\"422\">Choisissez ce Forfait<\/a>\r\n                                                    <\/div>\r\n                    <\/div>\r\n                    \r\n            <\/div>\r\n            <\/div>\n[\/vc_column][\/vc_row]<\/p>\n<\/div>","protected":false},"excerpt":{"rendered":"<p>[vc_row css=\u00a0\u00bb.vc_custom_1513349138145{border-top-width: 1px !important;border-bottom-width: 1px !important;padding-top: 70px !important;padding-bottom: 70px !important;background-color: #f9f9f9 !important;border-top-color: #e6e6e6 !important;border-top-style: solid !important;border-bottom-color: #e6e6e6 !important;border-bottom-style: solid !important;}\u00a0\u00bb][vc_column][\/vc_column][\/vc_row][vc_row css=\u00a0\u00bb.vc_custom_1722411355828{padding-top: 70px !important;padding-bottom: 70px !important;}\u00a0\u00bb][vc_column][\/vc_column][\/vc_row]<\/p>\n","protected":false},"author":1,"featured_media":0,"parent":0,"menu_order":0,"comment_status":"closed","ping_status":"closed","template":"","meta":{"footnotes":""},"class_list":["post-151","page","type-page","status-publish","hentry"],"translation":{"provider":"WPGlobus","version":"3.0.0","language":"fr","enabled_languages":["en","fr"],"languages":{"en":{"title":true,"content":true,"excerpt":false},"fr":{"title":true,"content":true,"excerpt":false}}},"_links":{"self":[{"href":"https:\/\/edujobscanada.com\/fr\/wp-json\/wp\/v2\/pages\/151","targetHints":{"allow":["GET"]}}],"collection":[{"href":"https:\/\/edujobscanada.com\/fr\/wp-json\/wp\/v2\/pages"}],"about":[{"href":"https:\/\/edujobscanada.com\/fr\/wp-json\/wp\/v2\/types\/page"}],"author":[{"embeddable":true,"href":"https:\/\/edujobscanada.com\/fr\/wp-json\/wp\/v2\/users\/1"}],"replies":[{"embeddable":true,"href":"https:\/\/edujobscanada.com\/fr\/wp-json\/wp\/v2\/comments?post=151"}],"version-history":[{"count":20,"href":"https:\/\/edujobscanada.com\/fr\/wp-json\/wp\/v2\/pages\/151\/revisions"}],"predecessor-version":[{"id":7297,"href":"https:\/\/edujobscanada.com\/fr\/wp-json\/wp\/v2\/pages\/151\/revisions\/7297"}],"wp:attachment":[{"href":"https:\/\/edujobscanada.com\/fr\/wp-json\/wp\/v2\/media?parent=151"}],"curies":[{"name":"wp","href":"https:\/\/api.w.org\/{rel}","templated":true}]}}