{"id":154,"date":"2017-12-12T10:30:57","date_gmt":"2017-12-12T10:30:57","guid":{"rendered":"https:\/\/jobunt.com\/\/?page_id=493"},"modified":"2025-02-12T07:53:52","modified_gmt":"2025-02-12T07:53:52","slug":"home","status":"publish","type":"page","link":"https:\/\/edujobscanada.com\/fr\/","title":{"rendered":"Accueil"},"content":{"rendered":"<div class=\"wpb-content-wrapper\"><p>[vc_row careerfy_overlay=\u00a0\u00bbyes\u00a0\u00bb careerfy_overlay_color=\u00a0\u00bbrgba(30,49,66,0.76)\u00a0\u00bb el_class=\u00a0\u00bbbanner-search-padding\u00a0\u00bb css=\u00a0\u00bb.vc_custom_1552032416217{background-image: url(https:\/\/edujobscanada.com\/wp-content\/uploads\/2017\/12\/banner-bg.jpg?id=496) !important;}\u00a0\u00bb][vc_column]            <div class=\"careerfy-typo-wrap  vc_custom_1739346628995\">\r\n                <div class=\"careerfy-banner-caption\">\r\n                                            <h1 style=\"color:#ffffff !important\">Emplois dans les universit\u00e9s et coll\u00e8ges canadiens<\/h1>\r\n                                                <p style=\"color:#ffffff !important\">D\u00e9couvrez des meilleures opportunit\u00e9s de carri\u00e8re<\/p>\r\n                                                <form autocomplete=\"off\" class=\"careerfy-banner-search\" method=\"get\"\r\n                              action=\"https:\/\/edujobscanada.com\/fr\/about-us-1\/\">\r\n                            <ul class=\"careerfy-jobs-srchul\">\r\n                                                                    <li>\r\n                                        <div class=\"jobsearch-sugges-search\">\r\n                                            <input placeholder=\"Titre du poste, Mots-cl\u00e9s ou Phrases\"\r\n                                                   name=\"search_title\" data-type=\"job\" type=\"text\">\r\n                                            <span class=\"sugg-search-loader\"><\/span>\r\n                                        <\/div>\r\n                                    <\/li>\r\n                                                                        <li>\r\n                                        <div class=\"jobsearch_searchloc_div\">\r\n                                                        <input placeholder=\"City, State or ZIP\" class=\"srch_autogeo_location\" name=\"location\" type=\"text\" value=\"\">\r\n                    <div class=\"careerfy-radius-tooltip\">\r\n            <label>Radius                ( km                )<\/label><input\r\n                    type=\"number\" name=\"loc_radius\"\r\n                    value=\"50\"\r\n                    max=\"500\"><\/div>\r\n                                                        <a href=\"javascript:void(0);\" class=\"geolction-btn\"\r\n                                                   onclick=\"JobsearchGetClientLocation()\"><i\r\n                                                            class=\"careerfy-icon careerfy-location\"><\/i><\/a>\r\n                                                                                        <\/div>\r\n                                    <\/li>\r\n                                                                        <li>\r\n                                        <div class=\"careerfy-select-style\">\r\n                                            <select name=\"sector_cat\" class=\"selectize-select\">\r\n                                                <option value=\"\">Categories<\/option>\r\n                                                <option value=\"all\">All<\/option>\r\n                                                                                                    <option value=\"administration-jobs\">Administration<\/option>\r\n                                                                                                    <option value=\"business-economics\">Business-Economics<\/option>\r\n                                                                                                    <option value=\"communication-jobs\">Communication and Media<\/option>\r\n                                                                                                    <option value=\"education-jobs\">Education<\/option>\r\n                                                                                                    <option value=\"general-other-job-category\">General\/Other<\/option>\r\n                                                                                                    <option value=\"health-care-jobs\">Health &amp; Medical<\/option>\r\n                                                                                                    <option value=\"liberal-arts-jobs\">Humanities &amp; Liberal Arts<\/option>\r\n                                                                                                    <option value=\"life-sciences-jobs\">Life Sciences<\/option>\r\n                                                                                                    <option value=\"maths-physical-science-jobs\">Maths &amp; Physical Sciences<\/option>\r\n                                                                                                    <option value=\"technology-jobs\">Technology<\/option>\r\n                                                                                            <\/select>\r\n                                        <\/div>\r\n                                    <\/li>\r\n                                                                    <li class=\"careerfy-banner-submit\">\r\n                                    <div class=\"careerfy-banner-submit-btn\">\r\n                                        <input type=\"submit\" value=\"\">\r\n                                        <i class=\"careerfy-icon careerfy-search-o\"><\/i>\r\n                                    <\/div>\r\n                                <\/li>\r\n                            <\/ul>\r\n                        <\/form>\r\n                                        <div class=\"clearfix\"><\/div>\r\n                    <div class=\"careerfy-banner-btn\">\r\n                                                    <a href=\"\/signin-signup\/\"\r\n                               class=\"careerfy-bgcolorhover\" style=\" color:#ffffff !important; background-color:rgba(0,0,0,0.5) !important;\"><i class=\"careerfy-icon careerfy-arrow-up-circular\"><\/i>T\u00e9l\u00e9chargez votre CV<\/a>\r\n                                                        <a href=\"\/post-new-job\/\"\r\n                               class=\"careerfy-bgcolorhover\" style=\" color:#ffffff !important; background-color:rgba(0,0,0,0.5) !important;\"><i class=\"careerfy-icon careerfy-briefcase\"><\/i>Affichez Votre Emploi<\/a>\r\n                                                <\/div>\r\n                <\/div>\r\n            <\/div>\r\n\r\n            [\/vc_column][\/vc_row][vc_row css=\u00a0\u00bb.vc_custom_1513594586255{padding-top: 70px !important;padding-bottom: 60px !important;}\u00a0\u00bb][vc_column]        <section class=\"careerfy-fancy-title\">\r\n                \r\n        <h2>Cat\u00e9gories Populaires d\u2019Emplois<\/h2>\r\n                <\/section>\r\n\r\n                <div id=\"jobsearch-findby-sectors\" class=\"categories-list\" data-view=\"\">\r\n            \r\n                                                <ul class=\"jobsearch-sects-allcon row\">\r\n                                                    <li class=\"col-md-3\">\r\n                    <a href=\"https:\/\/edujobscanada.com\/fr\/communication-jobs-jobs\/\">\r\n                                                        <i class=\"careerfy-icon careerfy-building-office\"><\/i>\r\n\r\n                                                                            <span class=\"jobcat-title\">Communication and Media<\/span>\r\n                                                        <span id=\"jobsearchh-sect-cat-item-41\"\r\n                                      class=\"jobsearchh-sect-childcount\"\r\n                                      data-id=\"41\">0<\/span>\r\n\r\n                                                <\/a>\r\n                                    <\/li>\r\n                                <li class=\"col-md-3\">\r\n                    <a href=\"https:\/\/edujobscanada.com\/fr\/administration-jobs-jobs\/\">\r\n                                                        <i class=\"careerfy-icon careerfy-office\"><\/i>\r\n\r\n                                                                            <span class=\"jobcat-title\">Administration<\/span>\r\n                                                        <span id=\"jobsearchh-sect-cat-item-39\"\r\n                                      class=\"jobsearchh-sect-childcount\"\r\n                                      data-id=\"39\">0<\/span>\r\n\r\n                                                <\/a>\r\n                                    <\/li>\r\n                                <li class=\"col-md-3\">\r\n                    <a href=\"https:\/\/edujobscanada.com\/fr\/technology-jobs-jobs\/\">\r\n                                                        <i class=\"careerfy-icon careerfy-rockit-fill\"><\/i>\r\n\r\n                                                                            <span class=\"jobcat-title\">Technology<\/span>\r\n                                                        <span id=\"jobsearchh-sect-cat-item-32\"\r\n                                      class=\"jobsearchh-sect-childcount\"\r\n                                      data-id=\"32\">0<\/span>\r\n\r\n                                                <\/a>\r\n                                    <\/li>\r\n                                <li class=\"col-md-3\">\r\n                    <a href=\"https:\/\/edujobscanada.com\/fr\/business-economics-jobs\/\">\r\n                                                        <i class=\"careerfy-icon careerfy-accounting\"><\/i>\r\n\r\n                                                                            <span class=\"jobcat-title\">Business-Economics<\/span>\r\n                                                        <span id=\"jobsearchh-sect-cat-item-34\"\r\n                                      class=\"jobsearchh-sect-childcount\"\r\n                                      data-id=\"34\">0<\/span>\r\n\r\n                                                <\/a>\r\n                                    <\/li>\r\n                                                <\/ul>\r\n                                    <\/div>\r\n                    <div class=\"careerfy-plain-btn\"><a\r\n                        href=\"https:\/\/edujobscanada.com\/fr\/jobs-listing\/\">Parcourez toutes les cat\u00e9gories<\/a>\r\n            <\/div>\r\n            [\/vc_column][\/vc_row][vc_row css=\u00a0\u00bb.vc_custom_1513594435426{padding-top: 70px !important;padding-bottom: 30px !important;}\u00a0\u00bb][vc_column]        <section class=\"careerfy-fancy-title\">\r\n                \r\n        <h2>Liste des Emplois en Vedette<\/h2>\r\n                <\/section>\r\n\r\n                    <div class=\"wp-dp-job-content\" id=\"wp-dp-job-content-9075\">\r\n                <div class=\"dev-map-class-changer\">\r\n                    <div id=\"Job-content-9075\">\r\n                                    <form autocomplete=\"off\" id=\"jobsearch_job_frm_9075\">\r\n                                <div style=\"display:none\" id=\"job_arg9075\">\r\n                    <script type=\"text\/javascript\">\r\n                                                document.getElementById(\"job_arg9075\").innerHTML = '{\"job_short_counter\":9075,\"atts\":{\"job_view\":\"view-medium\",\"job_alerts\":\"no\",\"job_filters\":\"no\",\"job_top_search\":\"no\",\"job_sort_by\":\"no\",\"job_pagination\":\"no\",\"job_per_page\":\"8\",\"job_cat\":\"\",\"job_skills\":\"\",\"job_location\":\"\",\"featured_only\":\"\",\"job_title_len\":\"0\",\"job_excerpt\":\"20\",\"job_order\":\"DESC\",\"job_orderby\":\"date\",\"job_type\":\"\",\"job_filters_loc\":\"yes\",\"job_filters_date\":\"yes\",\"job_filters_type\":\"yes\",\"job_filters_sector\":\"yes\",\"job_custom_fields_switch\":\"no\",\"job_elem_custom_fields\":\"\",\"job_deadline_switch\":\"no\",\"quick_apply_job\":\"no\",\"job_loc_listing\":\"country,city\"},\"content\":\"\",\"job_map_counter\":99020711,\"page_id\":154,\"page_url\":\"https:\\\/\\\/edujobscanada.com\\\/fr\\\/\",\"custom_fields\":[]}';\r\n                    <\/script>\r\n                <\/div>\r\n                <div style=\"display:none\" id=\"job_small_arg9075\">\r\n                    {\"job_short_counter\":9075,\"content\":\"\",\"job_map_counter\":99020711,\"page_id\":154,\"page_url\":\"https:\\\/\\\/edujobscanada.com\\\/fr\\\/\",\"custom_fields\":[]}                <\/div>\r\n                                <div class=\"jobsearch-row\">\r\n                                        <div class=\"jobsearch-column-12 jobsearch-typo-wrap\">\r\n                                                <div class=\"wp-jobsearch-job-content jobsearch-listing-maincon wp-jobsearch-dev-job-content\"\r\n                             id=\"jobsearch-data-job-content-9075\"\r\n                             data-id=\"9075\">\r\n                            <div id=\"jobsearch-loader-9075\"><\/div>\r\n                            <div class=\"careerfy-job-listing careerfy-featured-listing\"\r\n     id=\"jobsearch-job-9075\">\r\n\r\n    <ul class=\"row\">\r\n        \r\n                <li class=\"col-md-6\">\r\n                    <div class=\"no-candidate-match-error\">\r\n                        <strong>No Record<\/strong>\r\n                        <span>Sorry!&nbsp; Does not match record with your keyword <\/span>\r\n                        <span>Change your filter keywords to re-submit<\/span>\r\n                        <em>OR<\/em>\r\n                        <a href=\"https:\/\/edujobscanada.com\/fr\/\">Reset Filters<\/a>\r\n                    <\/div>\r\n                <\/li>    <\/ul>\r\n<\/div>                        <\/div>\r\n                        \r\n                                                                    <\/div>\r\n                <\/div>\r\n                <input type=\"hidden\" class=\"job-counter\" value=\"9075\" \/>\r\n            <\/form>\r\n            <div class=\"jobs_query\" style=\"display:none;\">{\"posts_per_page\":\"8\",\"paged\":\"\",\"post_type\":\"job\",\"post_status\":\"publish\",\"order\":\"DESC\",\"orderby\":\"meta_value_num\",\"meta_key\":\"jobsearch_field_job_publish_date\",\"fields\":\"ids\",\"meta_query\":[[{\"relation\":\"OR\",\"0\":{\"key\":\"jobsearch_field_job_filled\",\"compare\":\"NOT EXISTS\"},\"1\":[{\"key\":\"jobsearch_field_job_filled\",\"value\":\"on\",\"compare\":\"!=\"}]},{\"key\":\"jobsearch_job_employer_status\",\"value\":\"approved\",\"compare\":\"=\"}]],\"post__in\":[0]}<\/div>                    <\/div>\r\n                <\/div>\r\n            <\/div>\r\n\r\n            [\/vc_column][\/vc_row][vc_row careerfy_container=\u00a0\u00bbwide\u00a0\u00bb][vc_column]\r\n        <div class=\"careerfy-testimonial-section\">\r\n            <div class=\"row\">\r\n                <aside class=\"col-md-5\" style=\"background:url(https:\/\/edujobscanada.com\/wp-content\/uploads\/2017\/12\/testimonial-thumb-1.jpg); background-repeat: no-repeat; background-size:cover; background-position: center;\"><\/aside>\r\n                <aside class=\"col-md-7\">\r\n                    <div class=\"careerfy-testimonial-slider\">\r\n                        \r\n        <div class=\"careerfy-testimonial-slide-layer\">\r\n            <div class=\"careerfy-testimonial-wrap\">\r\n                <p>I just got a job that I applied for via EduJobsCanada.com! I used the site all the time during my job hunt.<\/p>\r\n                <div class=\"careerfy-testimonial-text\">\r\n                    <h2>Richard Logneau<\/h2>\r\n                    <span>Quebec, Canada<\/span>\r\n                <\/div>\r\n            <\/div>\r\n        <\/div>\r\n        <div class=\"careerfy-testimonial-slide-layer\">\r\n            <div class=\"careerfy-testimonial-wrap\">\r\n                <p>I just hired a great candidate via EduJobsCanada! I used the site for my job postings.<\/p>\r\n                <div class=\"careerfy-testimonial-text\">\r\n                    <h2>Richard Anderson<\/h2>\r\n                    <span>Alberta, Canada<\/span>\r\n                <\/div>\r\n            <\/div>\r\n        <\/div>\r\n                    <\/div>\r\n                <\/aside>\r\n            <\/div>\r\n        <\/div>\n[\/vc_column][\/vc_row][vc_row css=\u00a0\u00bb.vc_custom_1513594504679{padding-top: 70px !important;padding-bottom: 0px !important;}\u00a0\u00bb][vc_column]        <section class=\"careerfy-fancy-title\">\r\n                \r\n        <h2>Nos Blogs<\/h2>\r\n                    <p>D\u00e9couvrez des meilleures opportunit\u00e9s de carri\u00e8re<\/p>\r\n                    <\/section>\r\n\r\n        <div class=\"careerfy-blog careerfy-blog-view6\"><ul class=\"row  \">\r\n        <li class=\"col-md-4\">\r\n            <figure><a href=\"https:\/\/edujobscanada.com\/fr\/are-you-choosing-the-right-employer-or-overlooking-the-warning-signs\/\"><img decoding=\"async\"\r\n                            src=\"https:\/\/edujobscanada.com\/wp-content\/uploads\/2013\/12\/university-faculty-300x225.jpg\" alt=\"\"><\/a><\/figure>\r\n            <div class=\"careerfy-blog-view6-text-wrap\">\r\n                <div class=\"careerfy-blog-view6-text\">\r\n                    <h2>\r\n                        <a href=\"https:\/\/edujobscanada.com\/fr\/are-you-choosing-the-right-employer-or-overlooking-the-warning-signs\/\">Are you Choosing the Right Employer or Overlooking...<\/a>\r\n                    <\/h2>\r\n                                            <p><p>Due to the scarcity of jobs in the market today, people willingly jump on any offer they may receive. What&#8230;<\/p>\n<\/p>\r\n                        \r\n                    <a href=\"https:\/\/edujobscanada.com\/fr\/author\/admin_j5gtiufp\/\"\r\n                       class=\"careerfy-blog-view6-thumb\">\r\n                        <img alt='' src='https:\/\/secure.gravatar.com\/avatar\/7ba684f146c9445720e4b9a8d6ed775de4804bc2dbe01fb6490b8cce05db9f43?s=50&#038;d=mm&#038;r=g' srcset='https:\/\/secure.gravatar.com\/avatar\/7ba684f146c9445720e4b9a8d6ed775de4804bc2dbe01fb6490b8cce05db9f43?s=100&#038;d=mm&#038;r=g 2x' class='avatar avatar-50 photo' height='50' width='50' \/>                    <\/a>\r\n\r\n                    <div class=\"careerfy-blog-view6-thumb-text\">\r\n                        <a class=\"careerfy-blog-view6-title\"\r\n                           href=\"https:\/\/edujobscanada.com\/fr\/author\/admin_j5gtiufp\/\">admin_j5gtiufp<\/a>\r\n                        <a href=\"https:\/\/edujobscanada.com\/fr\/category\/blogs\/\">Blogs<\/a> \/ <a href=\"https:\/\/edujobscanada.com\/fr\/category\/career-management\/\">Career Management<\/a> \/ <a href=\"https:\/\/edujobscanada.com\/fr\/category\/education\/\">Education<\/a> \/ <a href=\"https:\/\/edujobscanada.com\/fr\/category\/feature-blog\/\">Feature Blog<\/a>                    <\/div>\r\n                    <a href=\"https:\/\/edujobscanada.com\/fr\/are-you-choosing-the-right-employer-or-overlooking-the-warning-signs\/\"\r\n                       class=\"careerfy-blog-view6-btn\">Lire Articles<i\r\n                                class=\"careerfy-blog-view6-icon\"><\/i><\/a>\r\n                <\/div>\r\n            <\/div>\r\n        <\/li>\r\n        \r\n        <li class=\"col-md-4\">\r\n            <figure><a href=\"https:\/\/edujobscanada.com\/fr\/cost-of-education-vs-miseducation\/\"><img decoding=\"async\"\r\n                            src=\"https:\/\/edujobscanada.com\/wp-content\/uploads\/2018\/11\/graduation_students-EduJobsCanada.png\" alt=\"\"><\/a><\/figure>\r\n            <div class=\"careerfy-blog-view6-text-wrap\">\r\n                <div class=\"careerfy-blog-view6-text\">\r\n                    <h2>\r\n                        <a href=\"https:\/\/edujobscanada.com\/fr\/cost-of-education-vs-miseducation\/\">Cost of Education vs. Miseducation<\/a>\r\n                    <\/h2>\r\n                                            <p><p>1.\u00a0\u00a0\u00a0\u00a0\u00a0\u00a0 Healthcare If authorities invest $1000 in good education, people will likely lead a Healthy Lifestyle as a result&#8230;.<\/p>\n<\/p>\r\n                        \r\n                    <a href=\"https:\/\/edujobscanada.com\/fr\/author\/admin_j5gtiufp\/\"\r\n                       class=\"careerfy-blog-view6-thumb\">\r\n                        <img alt='' src='https:\/\/secure.gravatar.com\/avatar\/7ba684f146c9445720e4b9a8d6ed775de4804bc2dbe01fb6490b8cce05db9f43?s=50&#038;d=mm&#038;r=g' srcset='https:\/\/secure.gravatar.com\/avatar\/7ba684f146c9445720e4b9a8d6ed775de4804bc2dbe01fb6490b8cce05db9f43?s=100&#038;d=mm&#038;r=g 2x' class='avatar avatar-50 photo' height='50' width='50' \/>                    <\/a>\r\n\r\n                    <div class=\"careerfy-blog-view6-thumb-text\">\r\n                        <a class=\"careerfy-blog-view6-title\"\r\n                           href=\"https:\/\/edujobscanada.com\/fr\/author\/admin_j5gtiufp\/\">admin_j5gtiufp<\/a>\r\n                        <a href=\"https:\/\/edujobscanada.com\/fr\/category\/blogs\/\">Blogs<\/a> \/ <a href=\"https:\/\/edujobscanada.com\/fr\/category\/career-management\/\">Career Management<\/a> \/ <a href=\"https:\/\/edujobscanada.com\/fr\/category\/feature-blog\/\">Feature Blog<\/a> \/ <a href=\"https:\/\/edujobscanada.com\/fr\/category\/hiring\/\">Hiring<\/a> \/ <a href=\"https:\/\/edujobscanada.com\/fr\/category\/job-searching\/\">Job Searching<\/a>                    <\/div>\r\n                    <a href=\"https:\/\/edujobscanada.com\/fr\/cost-of-education-vs-miseducation\/\"\r\n                       class=\"careerfy-blog-view6-btn\">Lire Articles<i\r\n                                class=\"careerfy-blog-view6-icon\"><\/i><\/a>\r\n                <\/div>\r\n            <\/div>\r\n        <\/li>\r\n        \r\n        <li class=\"col-md-4\">\r\n            <figure><a href=\"https:\/\/edujobscanada.com\/fr\/four-unusual-literacy-skills-future-global-multilingual-multicultural-multidisciplinary\/\"><img decoding=\"async\"\r\n                            src=\"https:\/\/edujobscanada.com\/wp-content\/uploads\/2017\/03\/Unusual-Skills-of-future-300x225.jpg\" alt=\"\"><\/a><\/figure>\r\n            <div class=\"careerfy-blog-view6-text-wrap\">\r\n                <div class=\"careerfy-blog-view6-text\">\r\n                    <h2>\r\n                        <a href=\"https:\/\/edujobscanada.com\/fr\/four-unusual-literacy-skills-future-global-multilingual-multicultural-multidisciplinary\/\">Four Unusual Literacy Skills of The Future: Global,...<\/a>\r\n                    <\/h2>\r\n                                            <p><p>\u00ab\u00a0What year are you preparing your students for? 1973? 1955?\u00a0\u00bb This provocative question is the opening line in Mary Hayes&#8230;<\/p>\n<\/p>\r\n                        \r\n                    <a href=\"https:\/\/edujobscanada.com\/fr\/author\/edujobscanada\/\"\r\n                       class=\"careerfy-blog-view6-thumb\">\r\n                        <img alt='' src='https:\/\/secure.gravatar.com\/avatar\/27b9f9f147182ff7e4c1941b82db1bda6c6e4490f27a85b33fb4cf0936328fef?s=50&#038;d=https%3A%2F%2Fedujobscanada.com%2Fwp-content%2Fplugins%2Fwp-jobsearch%2Fimages%2Fno-image.jpg&#038;r=g' srcset='https:\/\/secure.gravatar.com\/avatar\/27b9f9f147182ff7e4c1941b82db1bda6c6e4490f27a85b33fb4cf0936328fef?s=100&#038;d=https%3A%2F%2Fedujobscanada.com%2Fwp-content%2Fplugins%2Fwp-jobsearch%2Fimages%2Fno-image.jpg&#038;r=g 2x' class='avatar avatar-50 photo' height='50' width='50' \/>                    <\/a>\r\n\r\n                    <div class=\"careerfy-blog-view6-thumb-text\">\r\n                        <a class=\"careerfy-blog-view6-title\"\r\n                           href=\"https:\/\/edujobscanada.com\/fr\/author\/edujobscanada\/\">edujobscanada<\/a>\r\n                        <a href=\"https:\/\/edujobscanada.com\/fr\/category\/blogs\/\">Blogs<\/a> \/ <a href=\"https:\/\/edujobscanada.com\/fr\/category\/education\/\">Education<\/a> \/ <a href=\"https:\/\/edujobscanada.com\/fr\/category\/feature-blog\/\">Feature Blog<\/a> \/ <a href=\"https:\/\/edujobscanada.com\/fr\/category\/job-searching\/\">Job Searching<\/a> \/ <a href=\"https:\/\/edujobscanada.com\/fr\/category\/uncategorized\/\">Uncategorized<\/a>                    <\/div>\r\n                    <a href=\"https:\/\/edujobscanada.com\/fr\/four-unusual-literacy-skills-future-global-multilingual-multicultural-multidisciplinary\/\"\r\n                       class=\"careerfy-blog-view6-btn\">Lire Articles<i\r\n                                class=\"careerfy-blog-view6-icon\"><\/i><\/a>\r\n                <\/div>\r\n            <\/div>\r\n        <\/li>\r\n        <\/ul><\/div>[\/vc_column][\/vc_row]<\/p>\n<\/div>","protected":false},"excerpt":{"rendered":"<p>[vc_row careerfy_overlay=\u00a0\u00bbyes\u00a0\u00bb careerfy_overlay_color=\u00a0\u00bbrgba(30,49,66,0.76)\u00a0\u00bb el_class=\u00a0\u00bbbanner-search-padding\u00a0\u00bb css=\u00a0\u00bb.vc_custom_1552032416217{background-image: url(https:\/\/edujobscanada.com\/wp-content\/uploads\/2017\/12\/banner-bg.jpg?id=496) !important;}\u00a0\u00bb][vc_column][\/vc_column][\/vc_row][vc_row css=\u00a0\u00bb.vc_custom_1513594586255{padding-top: 70px !important;padding-bottom: 60px !important;}\u00a0\u00bb][vc_column][\/vc_column][\/vc_row][vc_row css=\u00a0\u00bb.vc_custom_1513594435426{padding-top: 70px !important;padding-bottom: 30px !important;}\u00a0\u00bb][vc_column][\/vc_column][\/vc_row][vc_row careerfy_container=\u00a0\u00bbwide\u00a0\u00bb][vc_column][\/vc_column][\/vc_row][vc_row css=\u00a0\u00bb.vc_custom_1513594504679{padding-top: 70px !important;padding-bottom: 0px !important;}\u00a0\u00bb][vc_column][\/vc_column][\/vc_row]<\/p>\n","protected":false},"author":1,"featured_media":0,"parent":0,"menu_order":0,"comment_status":"closed","ping_status":"closed","template":"","meta":{"footnotes":""},"class_list":["post-154","page","type-page","status-publish","hentry"],"translation":{"provider":"WPGlobus","version":"3.0.0","language":"fr","enabled_languages":["en","fr"],"languages":{"en":{"title":true,"content":true,"excerpt":false},"fr":{"title":true,"content":true,"excerpt":false}}},"_links":{"self":[{"href":"https:\/\/edujobscanada.com\/fr\/wp-json\/wp\/v2\/pages\/154","targetHints":{"allow":["GET"]}}],"collection":[{"href":"https:\/\/edujobscanada.com\/fr\/wp-json\/wp\/v2\/pages"}],"about":[{"href":"https:\/\/edujobscanada.com\/fr\/wp-json\/wp\/v2\/types\/page"}],"author":[{"embeddable":true,"href":"https:\/\/edujobscanada.com\/fr\/wp-json\/wp\/v2\/users\/1"}],"replies":[{"embeddable":true,"href":"https:\/\/edujobscanada.com\/fr\/wp-json\/wp\/v2\/comments?post=154"}],"version-history":[{"count":74,"href":"https:\/\/edujobscanada.com\/fr\/wp-json\/wp\/v2\/pages\/154\/revisions"}],"predecessor-version":[{"id":7293,"href":"https:\/\/edujobscanada.com\/fr\/wp-json\/wp\/v2\/pages\/154\/revisions\/7293"}],"wp:attachment":[{"href":"https:\/\/edujobscanada.com\/fr\/wp-json\/wp\/v2\/media?parent=154"}],"curies":[{"name":"wp","href":"https:\/\/api.w.org\/{rel}","templated":true}]}}